{"id":43,"date":"2015-12-12T20:30:38","date_gmt":"2015-12-12T19:30:38","guid":{"rendered":"https:\/\/pequenospoemas.wordpress.com\/?page_id=43"},"modified":"2020-02-29T21:40:09","modified_gmt":"2020-02-29T21:40:09","slug":"cv","status":"publish","type":"page","link":"http:\/\/caxigueiro.com\/?page_id=43","title":{"rendered":"CV"},"content":{"rendered":"<p><strong>Individuais<\/strong><\/p>\n<p><span style=\"font-family: Liberation Serif, serif;\"><span style=\"font-size: large;\">2019. A M\u00e9trica do Ilusionismo. Museo Provincial de Lugo<\/span><\/span><\/p>\n<p><span style=\"font-family: Liberation Serif, serif;\"><span style=\"font-size: large;\">2017. Espazo Caritel. Foz. Lugo<\/span><\/span><\/p>\n<p><span style=\"font-family: Liberation Serif, serif;\"><span style=\"font-size: large;\">2015. Espazo Caritel. Foz. Lugo<\/span><\/span><\/p>\n<p>2012\u00a0 Os Ollos das Palabras. Caxigueiro\/Baldo Ramos. Cidade da Cultura. Santiago.<br \/>\nCaxigueiro: 1990-2012. Sala Luz\u00e1n (CAI). Zaragoza.<\/p>\n<p>2011\u00a0 A Paisaxe Raptada. Escola de Arquitectura da Coru\u00f1a.<\/p>\n<p>2007\u00a0 O Rapto da Paisaxe. Galer\u00eda Pardo Baz\u00e1n. A Coru\u00f1a<br \/>\nO Rapto da Paisaxe. Galer\u00eda \u2013 PM8. Vigo<\/p>\n<p>2006\u00a0 A Linguaxe da Memoria. C.C.S.C. Cervo<\/p>\n<p>2004\u00a0 Narraci\u00f3ns. Museo de Lugo<\/p>\n<p>2002\u00a0 Caxigueiro. Galer\u00eda Bacelos. Vigo<br \/>\nXornadas Gastron\u00f3micas. Galer\u00eda Pardo Baz\u00e1n. A Coru\u00f1a<\/p>\n<p>2001\u00a0 Caxigueiro. Centro Torrente Ballester. Ferrol.<br \/>\nCaxigueiro 1990-2000. Posada del Potro. C\u00f3rdoba<\/p>\n<p>2000\u00a0 S\/T. Galer\u00eda SCQ. Santiago<\/p>\n<p>1999\u00a0 Narraci\u00f3ns. Igrexa de S. Mar\u00eda. Centro de Artesan\u00eda e Dese\u00f1o.. Lugo<br \/>\nXeograf\u00edas. Caja Madrid, Palacete Mendoza. Pontevedra<\/p>\n<p>1998\u00a0 Narraci\u00f3ns. Galer\u00eda Pardo Baz\u00e1n. A Coru\u00f1a<\/p>\n<p>1997\u00a0 Caxigueiro. Galer\u00eda Bacelos. Vigo.<\/p>\n<p>1996\u00a0 O Bosque das Ausencias. Galer\u00eda Cl\u00e9rigos. Lugo.<\/p>\n<p>1995\u00a0 Europa Terapia Puntual. Galer\u00eda Pardo Baz\u00e1n. A Coru\u00f1a.<\/p>\n<p>1994\u00a0 Europa Terapia Puntual. Galer\u00eda Bacelos. Vigo.\u00a0Galer\u00eda Sargadelos. Santiago.<\/p>\n<p>1993\u00a0 Caxigueiro. Galer\u00eda Sargadelos. Ferrol.<\/p>\n<p>1992\u00a0 Caxigueiro. Galer\u00eda Bacelos. Vigo.<\/p>\n<p>1990\u00a0 Caxigueiro. Galer\u00eda Sargadelos. Santiago.<br \/>\nCaxigueiro. Galer\u00eda Sargadelos. Madrid.<\/p>\n<p>1989\u00a0 Galer\u00eda Arracada. A Coru\u00f1a.<\/p>\n<p>1988\u00a0 Deputaci\u00f3n de Lugo<\/p>\n<p>1981\u00a0 Banco de Cr\u00e9dito e Inversi\u00f3ns. Lugo.<br \/>\nAsociaci\u00f3n da Prensa. Vigo.<br \/>\nSala Francisco Lanza. Ribadeo.<\/p>\n<p><strong>Colectivas<\/strong><\/p>\n<p><span style=\"font-family: Liberation Serif, serif;\"><span style=\"font-size: large;\">2020. C\u00f3rgomo Arte. A M\u00e9trica do Ilusionismo. Itinerante<\/span><\/span><\/p>\n<p><span style=\"font-family: Liberation Serif, serif;\"><span style=\"font-size: large;\">2019. Pensar coas mans. Museo Centro Gai\u00e1s. Cidade da Cultura de Galicia. Santiago de Compostela.<\/span><\/span><\/p>\n<p style=\"padding-left: 40px;\"><span style=\"font-family: Liberation Serif, serif;\"><span style=\"font-size: large;\">Suso Pe\u00f1a, Meste de Vida e So\u00f1os. Ribadeo.<\/span><\/span><\/p>\n<p style=\"padding-left: 40px;\"><span style=\"font-family: Liberation Serif, serif;\"><span style=\"font-size: large;\">Veranearte. Galer\u00eda la Catedral. Lugo<\/span><\/span><\/p>\n<p><span style=\"font-family: Liberation Serif, serif;\"><span style=\"font-size: large;\">2018. Galicia Universal. A arte galega nas colecci\u00f3ns de Abanca e Afundaci\u00f3n. Museo Centro Gai\u00e1s. Cidade da Cultura. Santiago de Compostela.<\/span><\/span><\/p>\n<p style=\"padding-left: 40px;\"><span style=\"font-family: Liberation Serif, serif;\"><span style=\"font-size: large;\">Homenaxe a Juan Puchades Quilis. Pazo de Santom\u00e9. Mondo\u00f1edo.<\/span><\/span><\/p>\n<p style=\"padding-left: 40px;\"><span style=\"font-family: Liberation Serif, serif;\"><span style=\"font-size: large;\">AAN in art. Itinerante.<\/span><\/span><\/p>\n<p style=\"padding-left: 40px;\"><span style=\"font-family: Liberation Serif, serif;\"><span style=\"font-size: large;\">Colectiva de Invierno. Galer\u00eda la Catedral. Lugo.<\/span><\/span><\/p>\n<p style=\"padding-left: 40px;\"><span style=\"font-family: Liberation Serif, serif;\"><span style=\"font-size: large;\">Instalaci\u00f3n A Linguaxe da Memoria. Auditorio de Ferrol<\/span><\/span><\/p>\n<p><span style=\"font-family: Liberation Serif, serif;\"><span style=\"font-size: large;\">2017. Micromundos. Fundaci\u00f3n Granell. Santiago de Compostela<\/span><\/span><\/p>\n<p style=\"padding-left: 40px;\"><span style=\"font-family: Liberation Serif, serif;\"><span style=\"font-size: large;\">Laxeiro en Conversa. Un di\u00e1logo con artistas contempor\u00e1neos. Teatro Afundaci\u00f3n. Vigo.<\/span><\/span><\/p>\n<p style=\"padding-left: 40px;\"><span style=\"font-family: Liberation Serif, serif;\"><span style=\"font-size: large;\">O Artista e a Cidade. Visi\u00f3ns e Realidades. Afundaci\u00f3n. Lugo.<\/span><\/span><\/p>\n<p><span style=\"font-family: Liberation Serif, serif;\"><span style=\"font-size: large;\">2016 Cami\u00f1o de Volta. Casa da Parra. Santiago de Compostela<\/span><\/span><\/p>\n<p style=\"padding-left: 40px;\"><span style=\"font-family: Liberation Serif, serif;\"><span style=\"font-size: large;\">Cabo Prior 43o 34\u2019 3\u2019\u2019 N \/ 8o 18\u2019 52\u2019\u2019 W. Galer\u00eda Sargadelos. Ferrol<\/span><\/span><\/p>\n<p style=\"padding-left: 40px;\"><span style=\"font-family: Liberation Serif, serif;\"><span style=\"font-size: large;\">Fuera de Serie. De la provocaci\u00f3n a la ilusi\u00f3n. Museo Nacional de Cer\u00e1mica<\/span><\/span><\/p>\n<p style=\"padding-left: 40px;\"><span style=\"font-family: Liberation Serif, serif;\"><span style=\"font-size: large;\">Gonz\u00e1lez Mart\u00ed. Valencia.<\/span><\/span><\/p>\n<p style=\"padding-left: 40px;\"><span style=\"font-family: Liberation Serif, serif;\"><span style=\"font-size: large;\">El artista y la ciudad. Visiones y realidades. Centro Abanca obra social.<\/span><\/span><\/p>\n<p style=\"padding-left: 40px;\"><span style=\"font-family: Liberation Serif, serif;\"><span style=\"font-size: large;\">Santiago de Compostela.<\/span><\/span><\/p>\n<p style=\"padding-left: 40px;\"><span style=\"font-family: Liberation Serif, serif;\"><span style=\"font-size: large;\">Micromundos. Galer\u00eda Apo\u2019strophe. Vigo<\/span><\/span><\/p>\n<p><span style=\"font-family: Liberation Serif, serif;\"><span style=\"font-size: large;\">2015 Arte e solidaridade. Proxecto Home.Santiago, Lugo<\/span><\/span><\/p>\n<p style=\"padding-left: 40px;\"><span style=\"font-family: Liberation Serif, serif;\"><span style=\"font-size: large;\">Cartograf\u00edas da N\u00e9boa. Mondo\u00f1edo<\/span><\/span><\/p>\n<p style=\"padding-left: 40px;\"><span style=\"font-family: Liberation Serif, serif;\"><span style=\"font-size: large;\">De lo Natural a lo Humano 2.0.Galer\u00eda Isk\u00f6. Lugo.<\/span><\/span><\/p>\n<p style=\"padding-left: 40px;\"><span style=\"font-family: Liberation Serif, serif;\"><span style=\"font-size: large;\">Maestros de la cer\u00e1mica y sus escuelas, Madola. Taller-Escuela Cer\u00e1mica<\/span><\/span><\/p>\n<p style=\"padding-left: 40px;\"><span style=\"font-family: Liberation Serif, serif;\"><span style=\"font-size: large;\">Muel. Zaragoza.<\/span><\/span><\/p>\n<p style=\"padding-left: 40px;\"><span style=\"font-family: Liberation Serif, serif;\"><span style=\"font-size: large;\">Os Ollos das Palabras. Baldo Ramos\/Caxigueiro. Virxe da Cerca Santiago<\/span><\/span><\/p>\n<p><span style=\"font-family: Liberation Serif, serif;\"><span style=\"font-size: large;\">2014 Do papel ao xesto. Curturgal. Pazo da Cutura Pontevedra<\/span><\/span><\/p>\n<p style=\"padding-left: 40px;\"><span style=\"font-family: Liberation Serif, serif;\"><span style=\"font-size: large;\">F\u00f3ra de campo. Galer\u00eda Sargadelos. Ferrol<\/span><\/span><\/p>\n<p><span style=\"font-family: Liberation Serif, serif;\"><span style=\"font-size: large;\">2013 F\u00f3ra de Campo. Galer\u00eda Visol.Ourense.Outono Fotografico.<\/span><\/span><\/p>\n<p style=\"padding-left: 40px;\"><span style=\"font-family: Liberation Serif, serif;\"><span style=\"font-size: large;\">Colectiva ATENEO. Ateneo, Ferrol<\/span><\/span><\/p>\n<p style=\"padding-left: 40px;\"><span style=\"font-family: Liberation Serif, serif;\"><span style=\"font-size: large;\">Os ollos das palabras. CENIMA.FOZ<\/span><\/span><\/p>\n<p><span style=\"font-family: Liberation Serif, serif;\"><span style=\"font-size: large;\">2012 Os Ollos das Palabras. Caxigueiro\/Baldo Ramos. Cidade da Cultura.Santiago.<\/span><\/span><\/p>\n<p style=\"padding-left: 40px;\"><span style=\"font-family: Liberation Serif, serif;\"><span style=\"font-size: large;\">Colezziona. Galer\u00eda Espacio 48.Santigo de Compostela.<\/span><\/span><\/p>\n<p>2011 \u00a0 Galer\u00eda Pardo Baz\u00e1n. A Coru\u00f1a.<br \/>\nLitonor-Arte: Edici\u00f3n. Igrexa da Universidade de Santiago de Compostela.<\/p>\n<p>2010\u00a0\u00a0\u00a0 Arte e Solidariedade. Proxecto Home. Hostal Reis Catolicos. Santiago de Compostela.<br \/>\nColecci\u00f3n Caixanova. Santiago de Compostela.\u00a0 Colecci\u00f3n Caixa Galicia. Lugo.<br \/>\nEntrespacios. Factor\u00eda. Santiago de Compostela.<br \/>\nTransversalidades 2010. Artemenudo. Lugo.<br \/>\nColectiva. Galer\u00eda Cl\u00e9rigos. Lugo.<br \/>\nPostales desde el Limbo. Zaragoza.<\/p>\n<p>2009\u00a0\u00a0\u00a0 P\u00e1ginas de Barro. &#8220;Terra Libris&#8221;. Itinerante C\u00f3rdoba, Zaragoza (Muel).<br \/>\nMiradas. Realidades, expresi\u00f3ns, tramas. Arte en Galicia desde 1975. Fundaci\u00f3n Caixa Galicia Ferrol.<br \/>\nColectiva. Galer\u00eda-PM8 Vigo<br \/>\nPortas de Luz. CGAC.\u00a0Santiago de Compostela.<\/p>\n<p>2008\u00a0\u00a0\u00a0 Proxecto Abertal. Museo de Lugo<br \/>\nDe nova materia. Centro Social Caixanova. Pontevedra<br \/>\nO Norte tam\u00e9n existe. Regalxunqueira. Viveiro<br \/>\nColectiva. Galer\u00eda Cl\u00e9rigos. Lugo<br \/>\nEscultura cer\u00e1mica Ib\u00e9rica contempor\u00e1nea. Museo do Azulejo. Lisboa<br \/>\nO Espazo construido. Fundaci\u00f3n Caixa-Galicia. Santiago.<br \/>\nPercorridos. CDC. Mondo\u00f1edo<br \/>\n5 visi\u00f3ns desde os 90. Centro Torrente Ballester. Ferrol.<\/p>\n<p>2007\u00a0 \u00a0\u00a0 Fluxo e refluxo no mar da Arte. S.A. Sargadelos<br \/>\nEscultura cer\u00e1mica ib\u00e9rica contempor\u00e1nea. Pazo da Cultura. Pontevedra<br \/>\nArt- Natura. ADEGA. Itinerante.<br \/>\nArtifariti. Tifariti, Rep\u00fablica \u00e1rabe Sahariana.<br \/>\nNovas adquisici\u00f3ns. Fundaci\u00f3n Caixanova. Vigo.<\/p>\n<p>2006\u00a0 \u00a0 Ars Moenia. S. A. Sargadelos.<br \/>\nLa Cer\u00e1mica espa\u00f1ola y su integraci\u00f3n en el Arte. Museo Nacional de Cer\u00e1mica. Valencia<br \/>\nColectiva Galer\u00eda Cl\u00e9rigos<br \/>\nAcci\u00f3ns estrat\u00e9xicas. Fonseca. Santiago de Compostela.<br \/>\nColecci\u00f3n Caixa Galicia. Caf\u00e9 Moderno. Pontevedra<br \/>\nSeriarte. Galer\u00eda Pardo Baz\u00e1n. A Coru\u00f1a<\/p>\n<p>2005\u00a0 \u00a0 Amurallando a sombra dos so\u00f1os. Museo Nacional de Lugo. Cat\u00e1logo.Adquisici\u00f3n<br \/>\nColectiva Galer\u00eda Cl\u00e9rigos. Lugo<br \/>\nFacetas. Galer\u00eda Pardo Baz\u00e1n. A Coru\u00f1a<br \/>\nEscultura contempor\u00e1nea. Fondos da Colecci\u00f3n Caixa Galicia. Sede da Funcion. A Coru\u00f1a<\/p>\n<p>2004\u00a0 \u00a0 Ars Moenia. Museo Nacional de Arte Cluj-Napoca. Rumania<\/p>\n<p>2003\u00a0\u00a0 \u201cSeries Seriadas\u201d. Galer\u00eda Pardo Baz\u00e1n. A Coru\u00f1a<br \/>\nBotella ao mar. Auditorio de Galicia. Santiago<br \/>\n2 culturas, un di\u00e1logo. 2 Kulturen, ein Dialog. Universidade de Alicante<br \/>\nColectiva Galer\u00eda Cl\u00e9rigos<br \/>\nVII Certam\u00e9 Isaac Diaz Pardo. A Coru\u00f1a. Adquisici\u00f3n<\/p>\n<p>2002\u00a0 \u00a0 Vinte anos vinte escultores. Centro Torrente Ballester. Ferrol<br \/>\n2 culturas, un dialogo. 2 Kulturen, ein Dialog. Museo Nacional de Cer\u00e1mica Gonzalez Mart\u00ed. Valencia.<br \/>\nColectiva . Galer\u00eda Clerigos. Lugo<br \/>\nCuarto Sal\u00f3n de Oto\u00f1o de Pintura. A Coru\u00f1a<br \/>\nHistoria da Arte na \u201c Casa Grande do Pozo\u201d. Fundaci\u00f3n Caixa Galicia. Santiago.<\/p>\n<p>2001\u00a0\u00a0 Tiempo de Estio. Galer\u00eda Pardo Baz\u00e1n. A Coru\u00f1a<br \/>\nColectiva de escultura. Galer\u00eda Cl\u00e9rigos. Lugo<br \/>\nBienal internacional de cer\u00e1mica. Aveiro.<br \/>\nFeira de arte Contempor\u00e1nea. FIL. Stand Galer\u00eda Bacelos. Lisboa<br \/>\nEscultura galega. Galer\u00eda Sargadelos. Ferrol<br \/>\nEscultura. Galer\u00eda Cuatro Diecisiete. Madrid<\/p>\n<p>2000\u00a0 \u00a0 Arco 2000. Madrid. Stand Galer\u00eda Bacelos( Vigo)<br \/>\nPesado y liviano. Galer\u00eda Pardo Baz\u00e1n. A Coru\u00f1a<br \/>\nVI Certame de Artes Pl\u00e1sticas Isaac Diaz Pardo ( adquisici\u00f3n). Itinerante<br \/>\nLa escultura gallega en la colecci\u00f3n Caixa- Vigo e Ourense. \u00daltimas incorporac.Centro Cult. CaixaVigo<br \/>\nEscultura gallega contempor\u00e1nea: La cer\u00e1mica como punto de partida,Lugo,C\u00f3rdoba,Oviedo,etc<br \/>\nDialogos co silencio. Igles\u00eda de S. Domingo de Bonaval. Santiago de Compostela<br \/>\nReencontros. Caxigueiro\/Artiaga. Galer\u00eda Bacelos. Vigo.<\/p>\n<p>1999\u00a0\u00a0\u00a0 Arco 99. Sand Galer\u00eda Bacelos. Madrid<br \/>\n\u201cEn voz baixa\u201d. Igrexia de S. Mar\u00eda. Lugo.<br \/>\nX Bienal Internacional de Vilanova da Cerveira- Galer\u00eda Bacelos ( Vigo). Portugal.<br \/>\nBienal Europea de Cer\u00e1mica. Museo de Cer\u00e1mica de Manises.<br \/>\nForo Atl\u00e1ntico de Arte Contempor\u00e1nea. Stand. Galer\u00eda Pardo Baz\u00e1n. Pontevedra<\/p>\n<p>1998\u00a0\u00a0 \u201cFragmentos\u201d. Galer\u00eda Pardo Baz\u00e1n. A coru\u00f1a<br \/>\nGaler\u00eda Cl\u00e9rigos. Lugo<br \/>\nMostra V\u00eda nova, debuxo e gravado. O Barco de Valdeorras<br \/>\nColecci\u00f3n Caixa Galicia. Estaci\u00f3n Mar\u00edtima. A Coru\u00f1a<br \/>\nXVII Sal\u00f3n Nacional de Artes Pl\u00e1sticas. Alcobendas<\/p>\n<p>1997\u00a0\u00a0 \u201cMondo\u00f1edo m\u00e1is preto\u201d. Barcelona, Madrid, Santiago etc.<br \/>\n\u201cGalicia Terra \u00fcnica\u201d. Fundaci\u00f3n Barri\u00e9. A Coru\u00f1a<br \/>\n\u201cGalica Terra \u00fcnica\u201d. Escultura \u00f3 aire libre. A Coru\u00f1a<br \/>\n\u201cDe Asorey \u00f3s noventa\u201d. A escultura moderna en Galicia. Auditorio de Santiago<br \/>\nV Mostra Uni\u00f3n Fenosa. Estaci\u00f3n Mar\u00edtima. A Coru\u00f1a<br \/>\nForo Atl\u00e1ntico de Arte Contempor\u00e1nea- Galer\u00eda Bacelos. Estaci\u00f3n Mar\u00edtima. A Coru\u00f1a.<br \/>\nColecci\u00f3n Caixa Galicia. Casa das Artes. Vigo.<\/p>\n<p>1996\u00a0 \u00a0 Galer\u00eda Cl\u00e9rigos. Lugo<br \/>\nCertame de Artes Pl\u00e1sticas Isaac D\u00edaz Pardo. A Coru\u00f1a ( adquisici\u00f3n)<br \/>\nBienal Internacional de Zarautz.<br \/>\nArtes varias. Auditorio Municipal de Lugo<br \/>\nColecci\u00f3n Valdearte. Museo do Barco de Valdeorras<br \/>\nColectiva. Galer\u00eda V\u00e9rtice. Oviedo<\/p>\n<p>1995\u00a0\u00a0 I Encontro de Escultura Ib\u00e9rica actual. Museo Provincial de Lugo<br \/>\nMuseo de Pontevedra. Eirexa de S. Domingo Bonaval. Lisboa. Cat\u00e1logo<br \/>\nColecci\u00f3n Uni\u00f3n Fenosa. Museo Fenosa. A Coru\u00f1a<br \/>\nBienal Laxeiro. Museo Ram\u00f3n M\u00aa Aller. Lal\u00edn<br \/>\nLVI Exposici\u00f3n Nacional de Artes Pl\u00e1sticas. Valdepe\u00f1as<br \/>\nIV Bienal Internacional de Aveiro. Portugal<br \/>\nBienal europea de Cer\u00e1mica. Museo de Manises<\/p>\n<p>1994\u00a0\u00a0 Concurso nacional de cer\u00e1mica de Alcora ( M. De Honor)<br \/>\nBienal internacional de Cer\u00e1mica de zarautz<br \/>\nValdearte. Pintura e escultura. Barco de Valdeorras.<br \/>\nXIV certamen de Artes Pl\u00e1sticas de Alcorc\u00f3n. Adquisici\u00f3n<\/p>\n<p>1993\u00a0\u00a0\u00a0 Premio escultura \u201cCidade de Lugo\u201d. Adquisici\u00f3n<br \/>\nCertamen nacional de Cer\u00e1mica. Talavera<br \/>\n\u201cTrazos e Cami\u00f1os\u201d. Cat\u00e1logo. Itinerante.<br \/>\nIII Mostra Uni\u00f3n Fenosa. A Coru\u00f1a. Cat\u00e1logo. Adquisici\u00f3n<br \/>\nCertamen europeo de Cer\u00e1mica, Museo Manises. Cat\u00e1logo<br \/>\nBienal internacional de cer\u00e1mica. Aveiro.Cat\u00e1logo<\/p>\n<p>1991\u00a0 \u00a0 V, premio nacional de Cer\u00e1mica Creativa. Museo Pablo Gargallo. Zaragoza<br \/>\nEncontros galaicos-portugueses. Cat\u00e1logo<br \/>\nGaler\u00eda Bacelos. Vigo<br \/>\nUrxencias III, un espacio a revisar. Moa\u00f1a. Cat\u00e1logo<\/p>\n<p>1990 \u00a0 Semana nacional de cer\u00e1mica. Museo do Pobo galego. Cat\u00e1logo. ( adquisici\u00f3n)<br \/>\nCertamen Nacional de Cer\u00e1mica. Catal\u00f3go.(adquisici\u00f3n)<br \/>\nAnos de Peregrinaxe II. Galer\u00eda Trinta. Santiago.<br \/>\nSal\u00f3n Nacional de Artes Pl\u00e1sticas. Alcobendas. Adquisici\u00f3n<\/p>\n","protected":false},"excerpt":{"rendered":"<p>Individuais 2019. A M\u00e9trica do Ilusionismo. Museo Provincial de Lugo 2017. Espazo Caritel. Foz. Lugo 2015. Espazo Caritel. Foz. Lugo 2012\u00a0 Os Ollos das Palabras. Caxigueiro\/Baldo Ramos. Cidade da Cultura. Santiago. Caxigueiro: 1990-2012. Sala Luz\u00e1n (CAI). Zaragoza. 2011\u00a0 A Paisaxe Raptada. Escola de Arquitectura da Coru\u00f1a. 2007\u00a0 O Rapto da Paisaxe. Galer\u00eda Pardo Baz\u00e1n. A [&hellip;]<\/p>\n","protected":false},"author":1,"featured_media":0,"parent":0,"menu_order":0,"comment_status":"closed","ping_status":"closed","template":"","meta":{"jetpack_post_was_ever_published":false,"footnotes":""},"class_list":["post-43","page","type-page","status-publish","hentry"],"jetpack_sharing_enabled":true,"jetpack_shortlink":"https:\/\/wp.me\/P73ilM-H","_links":{"self":[{"href":"http:\/\/caxigueiro.com\/index.php?rest_route=\/wp\/v2\/pages\/43","targetHints":{"allow":["GET"]}}],"collection":[{"href":"http:\/\/caxigueiro.com\/index.php?rest_route=\/wp\/v2\/pages"}],"about":[{"href":"http:\/\/caxigueiro.com\/index.php?rest_route=\/wp\/v2\/types\/page"}],"author":[{"embeddable":true,"href":"http:\/\/caxigueiro.com\/index.php?rest_route=\/wp\/v2\/users\/1"}],"replies":[{"embeddable":true,"href":"http:\/\/caxigueiro.com\/index.php?rest_route=%2Fwp%2Fv2%2Fcomments&post=43"}],"version-history":[{"count":5,"href":"http:\/\/caxigueiro.com\/index.php?rest_route=\/wp\/v2\/pages\/43\/revisions"}],"predecessor-version":[{"id":1059,"href":"http:\/\/caxigueiro.com\/index.php?rest_route=\/wp\/v2\/pages\/43\/revisions\/1059"}],"wp:attachment":[{"href":"http:\/\/caxigueiro.com\/index.php?rest_route=%2Fwp%2Fv2%2Fmedia&parent=43"}],"curies":[{"name":"wp","href":"https:\/\/api.w.org\/{rel}","templated":true}]}}