{"id":531,"date":"2016-03-27T12:57:40","date_gmt":"2016-03-27T12:57:40","guid":{"rendered":"http:\/\/caxigueiro.luagris.net\/?page_id=531"},"modified":"2017-04-01T16:42:18","modified_gmt":"2017-04-01T16:42:18","slug":"presentation","status":"publish","type":"page","link":"http:\/\/caxigueiro.com\/?page_id=531","title":{"rendered":"Pr\u00e9sentation"},"content":{"rendered":"<p>L&#8217;oeuvre de Caxigueiro est une r\u00e9flexion sur des sujets qui conditionnent le d\u00e9veloppement vital, aussi bien individuel que collectif. Depuis 1990, il s&#8217;int\u00e9resse \u00e0 l&#8217;installation, bien qu&#8217;il s&#8217;exprime fr\u00e9quemment aussi \u00e0 travers d&#8217;autres disciplines (sculpture, photographie, po\u00e9sie, etc). La combinaison de diff\u00e9rents langages, le d\u00e9sir de raconter, la pr\u00e9sence importante de la c\u00e9ramique, ainsi que&#8217;une attitude critique et nettement p\u00e9riph\u00e9rique servent de point de d\u00e9part afin d&#8217;aborder une fa\u00e7on toute personnelle de comprendre l&#8217;art.<\/p>\n<p><a href=\"\/\">GL<\/a> | <a href=\"?page_id=526\">ES<\/a> | <a href=\"?page_id=529\">EN<\/a><\/p>\n","protected":false},"excerpt":{"rendered":"<p>L&#8217;oeuvre de Caxigueiro est une r\u00e9flexion sur des sujets qui conditionnent le d\u00e9veloppement vital, aussi bien individuel que collectif. Depuis 1990, il s&#8217;int\u00e9resse \u00e0 l&#8217;installation, bien qu&#8217;il s&#8217;exprime fr\u00e9quemment aussi \u00e0 travers d&#8217;autres disciplines (sculpture, photographie, po\u00e9sie, etc). La combinaison de diff\u00e9rents langages, le d\u00e9sir de raconter, la pr\u00e9sence importante de la c\u00e9ramique, ainsi que&#8217;une [&hellip;]<\/p>\n","protected":false},"author":1,"featured_media":0,"parent":0,"menu_order":0,"comment_status":"closed","ping_status":"closed","template":"","meta":{"jetpack_post_was_ever_published":false,"footnotes":""},"class_list":["post-531","page","type-page","status-publish","hentry"],"jetpack_sharing_enabled":true,"jetpack_shortlink":"https:\/\/wp.me\/P73ilM-8z","_links":{"self":[{"href":"http:\/\/caxigueiro.com\/index.php?rest_route=\/wp\/v2\/pages\/531","targetHints":{"allow":["GET"]}}],"collection":[{"href":"http:\/\/caxigueiro.com\/index.php?rest_route=\/wp\/v2\/pages"}],"about":[{"href":"http:\/\/caxigueiro.com\/index.php?rest_route=\/wp\/v2\/types\/page"}],"author":[{"embeddable":true,"href":"http:\/\/caxigueiro.com\/index.php?rest_route=\/wp\/v2\/users\/1"}],"replies":[{"embeddable":true,"href":"http:\/\/caxigueiro.com\/index.php?rest_route=%2Fwp%2Fv2%2Fcomments&post=531"}],"version-history":[{"count":3,"href":"http:\/\/caxigueiro.com\/index.php?rest_route=\/wp\/v2\/pages\/531\/revisions"}],"predecessor-version":[{"id":777,"href":"http:\/\/caxigueiro.com\/index.php?rest_route=\/wp\/v2\/pages\/531\/revisions\/777"}],"wp:attachment":[{"href":"http:\/\/caxigueiro.com\/index.php?rest_route=%2Fwp%2Fv2%2Fmedia&parent=531"}],"curies":[{"name":"wp","href":"https:\/\/api.w.org\/{rel}","templated":true}]}}