{"id":151,"date":"2016-02-07T11:36:55","date_gmt":"2016-02-07T11:36:55","guid":{"rendered":"http:\/\/caxigueiro.luagris.net\/?page_id=151"},"modified":"2016-02-07T11:38:58","modified_gmt":"2016-02-07T11:38:58","slug":"151-2","status":"publish","type":"page","link":"https:\/\/caxigueiro.com\/?page_id=151","title":{"rendered":"Colecci\u00f3ns e museos"},"content":{"rendered":"<p><strong>Colecci\u00f3ns e museos<\/strong><\/p>\n<p>Colecci\u00f3n CGAC<br \/>\nColecci\u00f3n Caixa Galicia. A Coru\u00f1a<br \/>\nColecci\u00f3n Caixanova. Vigo.<br \/>\nColecci\u00f3n Caja Madrid<br \/>\nColecci\u00f3n Uni\u00f3n Fenosa. A Coru\u00f1a<br \/>\nColecci\u00f3n Diputaci\u00f3n de Zaragoza<br \/>\nColecci\u00f3n de Sargadelos. Cervo<br \/>\nMuseo Carlos Maside. Sada. A Coru\u00f1a<br \/>\nColecci\u00f3n Caixavigo. Vigo<br \/>\nMuseo Municipal de Alcorc\u00f3n. Madrid<br \/>\nMuseo Municipal do Barco de Valdeorras<br \/>\nColecci\u00f3n Xermolos. Guitiriz<br \/>\nMuseo de Artes Pl\u00e1sticas. Alcobendas. Madrid<br \/>\nDeputaci\u00f3n de Santander<br \/>\nDeputaci\u00f3n de Lugo<br \/>\nDeputaci\u00f3n da Coru\u00f1a<br \/>\nDeputaci\u00f3n de Pontevedra<br \/>\nColecci\u00f3n Concello de Lugo<br \/>\nConcello de Ferrol<br \/>\nConcello de Cervo<br \/>\nColecci\u00f3n Ars Nova Mediterr\u00e1nea. Barcelona.<\/p>\n","protected":false},"excerpt":{"rendered":"<p>Colecci\u00f3ns e museos Colecci\u00f3n CGAC Colecci\u00f3n Caixa Galicia. A Coru\u00f1a Colecci\u00f3n Caixanova. Vigo. Colecci\u00f3n Caja Madrid Colecci\u00f3n Uni\u00f3n Fenosa. A Coru\u00f1a Colecci\u00f3n Diputaci\u00f3n de Zaragoza Colecci\u00f3n de Sargadelos. Cervo Museo Carlos Maside. Sada. A Coru\u00f1a Colecci\u00f3n Caixavigo. Vigo Museo Municipal de Alcorc\u00f3n. Madrid Museo Municipal do Barco de Valdeorras Colecci\u00f3n Xermolos. Guitiriz Museo de Artes [&hellip;]<\/p>\n","protected":false},"author":1,"featured_media":0,"parent":43,"menu_order":0,"comment_status":"closed","ping_status":"closed","template":"","meta":{"jetpack_post_was_ever_published":false,"footnotes":""},"class_list":["post-151","page","type-page","status-publish","hentry"],"jetpack_sharing_enabled":true,"jetpack_shortlink":"https:\/\/wp.me\/P73ilM-2r","_links":{"self":[{"href":"https:\/\/caxigueiro.com\/index.php?rest_route=\/wp\/v2\/pages\/151","targetHints":{"allow":["GET"]}}],"collection":[{"href":"https:\/\/caxigueiro.com\/index.php?rest_route=\/wp\/v2\/pages"}],"about":[{"href":"https:\/\/caxigueiro.com\/index.php?rest_route=\/wp\/v2\/types\/page"}],"author":[{"embeddable":true,"href":"https:\/\/caxigueiro.com\/index.php?rest_route=\/wp\/v2\/users\/1"}],"replies":[{"embeddable":true,"href":"https:\/\/caxigueiro.com\/index.php?rest_route=%2Fwp%2Fv2%2Fcomments&post=151"}],"version-history":[{"count":2,"href":"https:\/\/caxigueiro.com\/index.php?rest_route=\/wp\/v2\/pages\/151\/revisions"}],"predecessor-version":[{"id":153,"href":"https:\/\/caxigueiro.com\/index.php?rest_route=\/wp\/v2\/pages\/151\/revisions\/153"}],"up":[{"embeddable":true,"href":"https:\/\/caxigueiro.com\/index.php?rest_route=\/wp\/v2\/pages\/43"}],"wp:attachment":[{"href":"https:\/\/caxigueiro.com\/index.php?rest_route=%2Fwp%2Fv2%2Fmedia&parent=151"}],"curies":[{"name":"wp","href":"https:\/\/api.w.org\/{rel}","templated":true}]}}