{"id":155,"date":"2016-02-07T11:40:29","date_gmt":"2016-02-07T11:40:29","guid":{"rendered":"http:\/\/caxigueiro.luagris.net\/?page_id=155"},"modified":"2016-02-07T11:40:29","modified_gmt":"2016-02-07T11:40:29","slug":"bibliografia","status":"publish","type":"page","link":"https:\/\/caxigueiro.com\/?page_id=155","title":{"rendered":"Bibliograf\u00eda"},"content":{"rendered":"<p><strong>Enciclopedias<\/strong><\/p>\n<p>&#8211;          Enciclopedia Galega<br \/>\n&#8211;          Enciclopedia Summa Artis. Vol.XLII. Cer\u00e1mica espa\u00f1ola. Trinidad S\u00e1nchez Pacheco<br \/>\n&#8211;          Enciclopedia Galicia Arte. Ed. Hercules. Severino Penelas, Ant\u00f3n Castro<\/p>\n<p><strong>Publicaci\u00f3ns<\/strong><\/p>\n<p>&#8211;          PACO PESTANA. Na porta dos sinos hai un espi\u00f1azo grabado no aire. D\u00edptico. Sargadelos. Santiago. 1990<br \/>\n&#8211;          LOIS LORENZO. Guerreiros. Diario 16. 28\/XII\/1991<br \/>\n&#8211;          ALBERTO GONZ\u00c1LEZ ALEGRE. As \u00faltimas encrucilladas. Cat\u00e1logo \u201cTrazos e Cami\u00f1os\u201d. 1993<br \/>\n&#8211;          MARIO GARCIA HERRAD\u00d3N. Cat\u00e1logo Sargadelos. Ferrol. 1993<br \/>\n&#8211;          DAVID DE PRADO. Caxigueiro: a pel do ser en cada peza. Cat\u00e1logo, galer\u00eda Sargadelos. Santiago. 1994.<br \/>\n&#8211;          MARIO GARCIA HERRAD\u00d3N.  Caxigueiro: trayectoria. Revista internacional Cer\u00e1mica<br \/>\n&#8211;          MERCEDES ROZAS. El lenguaje del material en la escultura de San Domingos. La Voz de Galicia . 20\/4\/95.<br \/>\n&#8211;         SUSANA CEND\u00c1N. Europa . terapia puntual. Cat\u00e1logo Galer\u00eda Pardo Baz\u00e1n. 1995<br \/>\n&#8211;         ROSARIO SARMIENTO. Catarsis Puntual. La Voz de Galicia. 12\/3\/95<br \/>\n&#8211;         FLOR N\u00da\u00d1EZ S\u00c1NCHEZ. Caxigueiro. Revista Internacional Cer\u00e1mica, n\u00ba 58.1996<br \/>\n&#8211;          ROSARIO SARMIENTO. Quince a\u00f1os de pl\u00e1stica en la memoria. La Voz de Galicia 4\/1\/97<br \/>\n&#8211;         ALBERTO GONZ\u00c1LEZ ALEGRE. Cat\u00e1logo Galer\u00eda Bacelos. 1997<br \/>\n&#8211;         SILVIA LONGUEIRA. Setenta a\u00f1os de escultura. La Voz de Galicia. 1997<br \/>\n&#8211;         TRINIDAD S\u00c1NCHEZ PACHECO. Cer\u00e1mica espa\u00f1ola. Summa Artis. XLII. 1997<br \/>\n&#8211;         M\u00aa LUISA SOBRINO. A escultura moderna en Galicia. De Asorey \u00f3s 90. Cat\u00e1logo do Auditorio de Galicia. 1997<br \/>\n&#8211;         SEVERINO PENELAS. A escultura actual de Galicia. Cat\u00e1logo de \u201cGalicia Terra \u00danica\u201d. 1997<br \/>\n&#8211;         CAXIGUEIRO. Narraci\u00f3ns.Cat\u00e1logo Galer\u00eda Pardo Baz\u00e1n. 1998<br \/>\n&#8211;         JOS\u00c9 MANUEL GARCIA IGLESIAS. Apuntes sobre Arte. A.B.C.Galicia. 29\/3\/98<br \/>\n&#8211;         JOS\u00c9 MANUEL B. L\u00d3PEZ V\u00c1ZQUEZ\/ M\u00aa DOLORES LIA\u00d1O PEDREIRA. Pl\u00e1stica para un certame. Cat\u00e1logo certame Isaac Diaz Pardo. 1998<br \/>\n&#8211;         ANTONIO GARRIDO. Di\u00e1logo con el espectador y el espacio. Revista Internacional Cer\u00e1mica n\u00ba 67. 1999<br \/>\n&#8211;         ANA VASCO.19 Formas de Construi-lo espacio. Cat\u00e1logo. VI Certame Isaac D\u00edaz Pardo<br \/>\n&#8211;         M. SIO. Galicia se instala en ARCO.  La Voz de Galicia. 9\/2\/99<br \/>\n&#8211;         MANUEL VILAR. Caxigueiro: poeta das formas. 2\/3\/99<br \/>\n&#8211;         ANTONIO GARRIDO. Notas en voz baixa sobre a xeraci\u00f3n de escultores galegos dos noventa. Cat\u00e1logo de \u201cEn voz baixa\u201d. Centro de Artesan\u00eda e Dese\u00f1o. 1999<br \/>\n&#8211;         CARLOS CASANOVA. En voz baja. El Progreso. 3\/7\/99<br \/>\n&#8211;         MANUEL VILAR. Revisi\u00f3n da escultura dos 90. La Voz de Galicia. 1999<br \/>\n&#8211;         CARME VIDAL. Escultores dos noventa en voz baixa. A Nosa Terra. 8\/7\/99<br \/>\n&#8211;         MERCEDES ROZAS. Xeograf\u00edas de Caxigueiro. El Correo gallego. 30\/X\/1999<br \/>\n&#8211;         ANT\u00d3N CASTRO. Os anos 90. Galicia Arte. Ed. Hercules<br \/>\n&#8211;         SEVERINO PENELAS FIGUEIRA. Entorno \u00e1 cer\u00e1mica: A moderna seducci\u00f3n da artesan\u00eda. Galicia Arte. Ed. Hercules.<br \/>\n&#8211;         MARINA MAYORAL. No FORO Atl\u00e1ntico. 11\/XI\/99<br \/>\n&#8211;         ANA VASCO. 19 formas de construi-lo espacio. Cat\u00e1logo VI certame de Artes Pl\u00e1sticas. Isaac Diaz Pardo.<br \/>\n&#8211;         ANTONIO GARRIDO. Escultura gallega contempor\u00e1nea. La cer\u00e1mica como punto de partida. Cat\u00e1logo.<br \/>\n&#8211;         JOS\u00c9 MANUEL GARCIA IGLESIAS. Ceramistas gallegos. El Correo gallego. 2000-12-27<br \/>\n&#8211;         ANTONIO GARRIDO. A cer\u00e1mica como punto de partida para un grupo de escultores.Gu\u00eda dos libros novos. 2000<br \/>\n&#8211;         MERCEDES ROZAS. Di\u00e1logos co silencio. Cat\u00e1logo Di\u00e1logos co Silencio. 2000<br \/>\n&#8211;         JUAN FERNANDO DE LAIGLESIA. El taller, el gabinete y la Galer\u00eda. La escultura gallega en la colecci\u00f3n Caixa vigo e Ourense. \u00daltimas incorporaci\u00f3ns.<br \/>\n&#8211;         GALIA BLANCO. Libros-bunker y camuflaje. El Mundo. 27\/7\/2000<br \/>\n&#8211;         N.V. Caxigueiro leva o Torrente \u2026Diario de Ferrol. 26\/01\/2001<br \/>\n&#8211;         M.L. Esculturas de Caxigueiro. Diario de Ferrol. 31\/01\/2001<br \/>\n&#8211;         ANTONIO GARRIDO. Caxigueiro en C\u00f3rdoba. Cat\u00e1logo Caxigueiro 1990-2000. 2001<br \/>\n&#8211;         BERNARDO CASTELO \u00c1LVAREZ. In Memoriam da Primeira D\u00e9cada do S. XXI. Cat\u00e1logo Caxigueiro. Edita Centro Torrente-Ballester. 2001<br \/>\n&#8211;         MANUEL VILAR. Caxigueiro: Dez Anos Contra a Higiene Cultural. A Nosa Terra. 17\/02\/2001<br \/>\n&#8211;         SUSO BASTERRECHEA. Caxigueiro 1990-2000. Diario de Ferrol. 2001<br \/>\n&#8211;         ANTONIO GARRIDO. Artistas Cer\u00e1micos en Espa\u00f1a. Cat\u00e1logo 2 Culturas, Un Di\u00e1logo. 2002<br \/>\n&#8211;         CARMEN GONZ\u00c1LEZ-BORR\u00c1S. Dos Culturas, Un Di\u00e1logo. Cat\u00e1logo 2 Culturas, Un Di\u00e1logo. 2002<br \/>\n&#8211;         ANTONIO GARRIDO. A Escultura Galega na D\u00e9cada dos Noventa. Cat\u00e1logo Vinte Anos, Vinte Escultores. 2002<br \/>\n&#8211;         ANA VASCO. O Tempo Detido. Cat\u00e1logo VII Certame Isaac D\u00edaz Pardo. 2003<br \/>\n&#8211;         CARMEN GONZ\u00c1LEZ-BORR\u00c1S. 2 Kulturem,  ein Dialog. Cer\u00e1mic, Art and Perception. Revista n\u00ba 53. Australia. Edici\u00f3n Internacional. 2003<br \/>\n&#8211;         ANTONIO GARRIDO. Caxigueiro Diante da Luz. Cat\u00e1logo Caxigueiro.Ed. Museo de Lugo. 2004<br \/>\n&#8211;         CARMEN GONZ\u00c1LEZ-BORR\u00c1S. Caxigueiro Apostando por la Cer\u00e1mica: Una Elecci\u00f3n Minoritaria. Cat\u00e1logo Caxigueiro.Ed. Museo de Lugo. 2004<br \/>\n&#8211;         MERCEDES ROZAS. O Sentir dun Latexo Universal. Cat\u00e1logo Caxigueiro.Ed. Museo de Lugo. 2004<br \/>\n&#8211;         SUSO BASTERRECHEA. Obligatorio Uso de Casco. Cat\u00e1logo Caxigueiro.Ed. Museo de Lugo. 2004<br \/>\n&#8211;         JAUREGU\u00cdZAR. Caxigueiro Amosa no Museo \u2026El Progreso. 16\/12\/2004<br \/>\n&#8211;         CARMEN GONZ\u00c1LEZ-BORR\u00c1S. La Obra Pl\u00e1stica Convertida en Narraci\u00f3n. Revista Internacional Cer\u00e1mica n\u00ba 91. Espa\u00f1a. 2004<br \/>\n&#8211;         PACO PESTANA. O Don da Perplexidade. Cat\u00e1logo Amurallando a Sombra dos So\u00f1os. Ed. Museo de Lugo. 2005<br \/>\n&#8211;         MAR\u00cdA PI\u00d1EIRO. Tributo de Arte. El Progreso. 15\/06\/2005<br \/>\n&#8211;         MERCEDES ROZAS. Nada es lo que Parece. La Voz de Galicia. 15\/01\/2005<br \/>\n&#8211;         JOAQU\u00cdN LENCE. El Arte y la Naturaleza. La Voz de Galicia. 05\/2005<br \/>\n&#8211;         ANTONIO GARRIDO. Vinte Anos de Arte Actual en Galicia, un Balance. Cat\u00e1logo Acci\u00f3ns Estrat\u00e9gicas. 2006<br \/>\n&#8211;         VIOLETA GONZ\u00c1LEZ FORTE. Unha Idea. Cat\u00e1logo Acci\u00f3ns Estrat\u00e9gicas. 2006<br \/>\n&#8211;         SUSO FERN\u00c1NDEZ. Caxigueiro. El Progreso. 14\/03\/2006<br \/>\n&#8211;         CARLOS L. BERN\u00c1RDEZ. Escultura de N\u00f3s. Faro de Vigo. 16\/03\/2006<br \/>\n&#8211;         MERCEDES ROZAS. Nombres de Poetas. La Voz de Galicia. 03\/04\/2006<br \/>\n&#8211;         JUAN BOTELLA. Relato del Fin de los Relatos. Cat\u00e1logo La Cer\u00e1mica Espa\u00f1ola y su Integraci\u00f3n en el Arte. 2006<br \/>\n&#8211;         CARLOS L. BERN\u00c1RDEZ. Unha Mostra de Caxigueiro. El Faro de Vigo. 22\/02\/2007<br \/>\n&#8211;         JAUREGU\u00cdZAR. Caxigueiro Denuncia\u2026 El Progreso. 12\/01\/2007<br \/>\n&#8211;         SUSO FERN\u00c1NDEZ. Caxigueiro en Alza. El Progreso. 23\/01\/2007<br \/>\n&#8211;         ANTONIO GARRIDO. Consideraciones sobre la Escultura Cer\u00e1mica Ib\u00e9rica Actual. Cat\u00e1logo Escultura Cer\u00e1mica Ib\u00e9rica Contempor\u00e1nea. 2007<br \/>\n&#8211;         ANTONIO VIVAS. La Escultura en la Revista Cer\u00e1mica. Cat\u00e1logo Escultura Cer\u00e1mica Ib\u00e9rica Contempor\u00e1nea. 1978-2007<br \/>\n&#8211;         JOS\u00c9 MAR\u00cdN-MEDINA. Las dos Crisis de la Cer\u00e1mica Espa\u00f1ola como Objeto de Arte. Cat\u00e1logo Escultura Cer\u00e1mica Ib\u00e9rica Contempor\u00e1nea. 1978-2007<br \/>\n&#8211;         JOS\u00c9 LUIS EST\u00c9VEZ. Paseo por la Historia de la Cer\u00e1mica Ib\u00e9rica. El Pa\u00eds. 11\/04\/2007<br \/>\n&#8211;         CARMEN GONZ\u00c1LEZ BORRAS. Geschichten von Krieg und Frieden. Keramik Magaz\u00edn Europa  n\u00ba 6. 2007<br \/>\n&#8211;         ALBERTO GONZ\u00c1LEZ-ALEGRE. De Nova Materia. Alteraci\u00f3ns do Estado S\u00f3lido. Cat\u00e1logo de Nova Materia. Ed. Fundaci\u00f3n Caixanova. 2008<br \/>\n&#8211;         ANTONIO GARRIDO.  Fluxo e refluxo no mar da arte( Cat\u00e1logo). 2008<br \/>\n&#8211;         JES\u00daS DUR\u00c1N. Reflexi\u00f3ns sobreo caos. 13\/09\/2008. El Progreso<br \/>\n&#8211;         XES\u00daS ANDR\u00c9S L\u00d3PEZ PI\u00d1EIRO. Mostra de escultura contempor\u00e1nea en Ferrol.12-18\/05\/08. A Nosa Terra<br \/>\n&#8211;         MERCEDES ROZAS. Sin duda, una de las\u2026\u2026\u2026 3\/05\/08. La Voz de Galicia<br \/>\n&#8211;         ANTONIO GARRIDO. Escultura, espazo e compromiso. 5 visi\u00f3ns desde os 90( Cat\u00e1logo)<br \/>\n&#8211;         MERCEDES ROZAS. Caxigueiro. 5 visi\u00f3ns desde os 90 ( Cat\u00e1logo). 2008<br \/>\n&#8211;         JUDITH S. SCHWARTZ. Confrontational Ceramics. A&#038;C Black. London. University of Pennsylvania Press. Philadelphia.2008<br \/>\n&#8211;         JOS\u00c9 \u00c1LVAREZ. P\u00e1ginas de Barro. &#8220;Terra Libris&#8221;. Cat\u00e1logo 2009<br \/>\n&#8211;         IRIA CANDELA. Realidades, expresi\u00f3ns, trama. Arte en Galicia desde 1975. Cat\u00e1logo &#8220;Miradas&#8221; . Caixa Galicia. 2009<\/p>\n","protected":false},"excerpt":{"rendered":"<p>Enciclopedias &#8211; Enciclopedia Galega &#8211; Enciclopedia Summa Artis. Vol.XLII. Cer\u00e1mica espa\u00f1ola. Trinidad S\u00e1nchez Pacheco &#8211; Enciclopedia Galicia Arte. Ed. Hercules. Severino Penelas, Ant\u00f3n Castro Publicaci\u00f3ns &#8211; PACO PESTANA. Na porta dos sinos hai un espi\u00f1azo grabado no aire. D\u00edptico. Sargadelos. Santiago. 1990 &#8211; LOIS LORENZO. Guerreiros. Diario 16. 28\/XII\/1991 &#8211; ALBERTO GONZ\u00c1LEZ ALEGRE. As \u00faltimas [&hellip;]<\/p>\n","protected":false},"author":1,"featured_media":0,"parent":43,"menu_order":0,"comment_status":"closed","ping_status":"closed","template":"","meta":{"jetpack_post_was_ever_published":false,"footnotes":""},"class_list":["post-155","page","type-page","status-publish","hentry"],"jetpack_sharing_enabled":true,"jetpack_shortlink":"https:\/\/wp.me\/P73ilM-2v","_links":{"self":[{"href":"https:\/\/caxigueiro.com\/index.php?rest_route=\/wp\/v2\/pages\/155","targetHints":{"allow":["GET"]}}],"collection":[{"href":"https:\/\/caxigueiro.com\/index.php?rest_route=\/wp\/v2\/pages"}],"about":[{"href":"https:\/\/caxigueiro.com\/index.php?rest_route=\/wp\/v2\/types\/page"}],"author":[{"embeddable":true,"href":"https:\/\/caxigueiro.com\/index.php?rest_route=\/wp\/v2\/users\/1"}],"replies":[{"embeddable":true,"href":"https:\/\/caxigueiro.com\/index.php?rest_route=%2Fwp%2Fv2%2Fcomments&post=155"}],"version-history":[{"count":1,"href":"https:\/\/caxigueiro.com\/index.php?rest_route=\/wp\/v2\/pages\/155\/revisions"}],"predecessor-version":[{"id":156,"href":"https:\/\/caxigueiro.com\/index.php?rest_route=\/wp\/v2\/pages\/155\/revisions\/156"}],"up":[{"embeddable":true,"href":"https:\/\/caxigueiro.com\/index.php?rest_route=\/wp\/v2\/pages\/43"}],"wp:attachment":[{"href":"https:\/\/caxigueiro.com\/index.php?rest_route=%2Fwp%2Fv2%2Fmedia&parent=155"}],"curies":[{"name":"wp","href":"https:\/\/api.w.org\/{rel}","templated":true}]}}