{"id":32,"date":"2015-12-12T20:15:10","date_gmt":"2015-12-12T19:15:10","guid":{"rendered":"https:\/\/pequenospoemas.wordpress.com\/?page_id=32"},"modified":"2017-05-21T14:52:40","modified_gmt":"2017-05-21T14:52:40","slug":"2008-2012-2","status":"publish","type":"page","link":"https:\/\/caxigueiro.com\/?page_id=32","title":{"rendered":"2008-2012"},"content":{"rendered":"<div class=\"obra obra_1_1\">\n<a href=\"http:\/\/caxigueiro.com\/?page_id=378\"><img loading=\"lazy\" decoding=\"async\" src=\"\/wp-content\/uploads\/2016\/02\/DSC00491.jpg\" alt=\"Di\u00e1logo interior\" width=\"100\" height=\"67\" \/><\/a><br \/>\n<a href=\"http:\/\/caxigueiro.com\/?page_id=378\" class=\"tit-gal\">Di\u00e1logo interior<\/a><\/div>\n<div class=\"obra obra_1_2\">\n<a href=\"http:\/\/caxigueiro.com\/?page_id=384\"><img loading=\"lazy\" decoding=\"async\" src=\"\/wp-content\/uploads\/2016\/02\/2010_11120113.jpg\" alt=\"Haiku\" width=\"100\" height=\"67\" \/><\/a><br \/>\n<a href=\"http:\/\/caxigueiro.com\/?page_id=384\" class=\"tit-gal\">Haiku<\/a><\/div>\n<div class=\"obra obra_1_3\">\n<a href=\"http:\/\/caxigueiro.com\/?page_id=392\"><img loading=\"lazy\" decoding=\"async\" src=\"\/wp-content\/uploads\/2016\/02\/DSC00508.jpg\" alt=\"Os ollos das palabras\" width=\"100\" height=\"67\" \/><\/a><br \/>\n<a href=\"http:\/\/caxigueiro.com\/?page_id=392\" class=\"tit-gal\">Os ollos das palabras<\/a><\/div>\n<div class=\"obra obra_2_1\">\n<a href=\"http:\/\/caxigueiro.com\/?page_id=405\"><img loading=\"lazy\" decoding=\"async\" src=\"\/wp-content\/uploads\/2016\/02\/2012_04040060_b.jpg\" alt=\"A D\u00edaz Pardo, editor de constelaci\u00f3ns\" width=\"67\" height=\"81\" \/><\/a><br \/>\n<a href=\"http:\/\/caxigueiro.com\/?page_id=405\" class=\"tit-gal\">A D\u00edaz Pardo,<br \/>editor de constelaci\u00f3ns<\/a><\/div>\n<div class=\"obra obra_2_2\">\n<a href=\"http:\/\/caxigueiro.com\/?page_id=705\"><img loading=\"lazy\" decoding=\"async\" src=\"\/wp-content\/uploads\/2017\/03\/2010_11100023_v1.jpg\" alt=\"Paisaxe desolada\" width=\"100\" height=\"67\" \/><\/a><br \/>\n<a class=\"tit-gal\" href=\"http:\/\/caxigueiro.com\/?page_id=705\">Paisaxe desolada<\/a><\/div>\n<div class=\"obra obra_2_3\">\n<a href=\"http:\/\/caxigueiro.com\/?page_id=692\"><img loading=\"lazy\" decoding=\"async\" src=\"\/wp-content\/uploads\/2017\/03\/2010_11050136_edit_v1.jpg\" alt=\"Ni\u00f1os\" width=\"100\" height=\"67\" \/><\/a><br \/>\n<a class=\"tit-gal\" href=\"http:\/\/caxigueiro.com\/?page_id=692\">Ni\u00f1os<\/a><\/div>\n<div class=\"obra obra_3_1\">\n<a href=\"http:\/\/caxigueiro.com\/?page_id=677\"><img loading=\"lazy\" decoding=\"async\" src=\"\/wp-content\/uploads\/2017\/03\/2010_11120130_edit_v1.jpg\" alt=\"Maz\u00e1\" width=\"100\" height=\"67\" \/><\/a><br \/>\n<a class=\"tit-gal\" href=\"http:\/\/caxigueiro.com\/?page_id=677\">Maz\u00e1<\/a><\/div>\n<div class=\"obra obra_3_2\">\n<a href=\"http:\/\/caxigueiro.com\/?page_id=666\"><img loading=\"lazy\" decoding=\"async\" src=\"\/wp-content\/uploads\/2017\/03\/2010_11060108_edit_v1.jpg\" alt=\"Gaiola\" width=\"100\" height=\"67\" \/><\/a><br \/>\n<a class=\"tit-gal\" href=\"http:\/\/caxigueiro.com\/?page_id=666\">Gaiola<\/a><\/div>\n<div class=\"obra obra_3_3\">\n<a href=\"http:\/\/caxigueiro.com\/?page_id=662\"><img loading=\"lazy\" decoding=\"async\" src=\"\/wp-content\/uploads\/2017\/03\/2010_11060161_edit_v1.jpg\" alt=\"Froita\" width=\"100\" height=\"67\" \/><\/a><br \/>\n<a class=\"tit-gal\" href=\"http:\/\/caxigueiro.com\/?page_id=662\">Froita<\/a><\/div>\n<div class=\"obra obra_4_1\">\n<a href=\"http:\/\/caxigueiro.com\/?page_id=649\"><img loading=\"lazy\" decoding=\"async\" src=\"\/wp-content\/uploads\/2017\/03\/2010_11080003_edit_v1.jpg\" alt=\"Fenda\" width=\"100\" height=\"67\" \/><\/a><br \/>\n<a class=\"tit-gal\" href=\"http:\/\/caxigueiro.com\/?page_id=649\">Fenda<\/a><\/div>\n<div class=\"obra obra_4_2\">\n<a href=\"http:\/\/caxigueiro.com\/?page_id=642\"><img loading=\"lazy\" decoding=\"async\" src=\"\/wp-content\/uploads\/2017\/03\/2010_11180059_v2.jpg\" alt=\"Crise\" width=\"100\" height=\"67\" \/><\/a><br \/>\n<a class=\"tit-gal\" href=\"http:\/\/caxigueiro.com\/?page_id=642\">Crise<\/a><\/div>\n<div class=\"obra obra_4_3\">\n<a href=\"http:\/\/caxigueiro.com\/?page_id=790\"><img loading=\"lazy\" decoding=\"async\" src=\"\/wp-content\/uploads\/2017\/05\/2011_07050023.jpg\" alt=\"Paisaxes\" width=\"100\" height=\"67\" \/><\/a><br \/>\n<a class=\"tit-gal\" href=\"http:\/\/caxigueiro.com\/?page_id=790\">Paisaxes<\/a><\/div>\n","protected":false},"excerpt":{"rendered":"<p>Di\u00e1logo interior Haiku Os ollos das palabras A D\u00edaz Pardo,editor de constelaci\u00f3ns Paisaxe desolada Ni\u00f1os Maz\u00e1 Gaiola Froita Fenda Crise Paisaxes<\/p>\n","protected":false},"author":1,"featured_media":0,"parent":21,"menu_order":0,"comment_status":"closed","ping_status":"closed","template":"","meta":{"jetpack_post_was_ever_published":false,"footnotes":""},"class_list":["post-32","page","type-page","status-publish","hentry"],"jetpack_sharing_enabled":true,"jetpack_shortlink":"https:\/\/wp.me\/P73ilM-w","_links":{"self":[{"href":"https:\/\/caxigueiro.com\/index.php?rest_route=\/wp\/v2\/pages\/32","targetHints":{"allow":["GET"]}}],"collection":[{"href":"https:\/\/caxigueiro.com\/index.php?rest_route=\/wp\/v2\/pages"}],"about":[{"href":"https:\/\/caxigueiro.com\/index.php?rest_route=\/wp\/v2\/types\/page"}],"author":[{"embeddable":true,"href":"https:\/\/caxigueiro.com\/index.php?rest_route=\/wp\/v2\/users\/1"}],"replies":[{"embeddable":true,"href":"https:\/\/caxigueiro.com\/index.php?rest_route=%2Fwp%2Fv2%2Fcomments&post=32"}],"version-history":[{"count":22,"href":"https:\/\/caxigueiro.com\/index.php?rest_route=\/wp\/v2\/pages\/32\/revisions"}],"predecessor-version":[{"id":841,"href":"https:\/\/caxigueiro.com\/index.php?rest_route=\/wp\/v2\/pages\/32\/revisions\/841"}],"up":[{"embeddable":true,"href":"https:\/\/caxigueiro.com\/index.php?rest_route=\/wp\/v2\/pages\/21"}],"wp:attachment":[{"href":"https:\/\/caxigueiro.com\/index.php?rest_route=%2Fwp%2Fv2%2Fmedia&parent=32"}],"curies":[{"name":"wp","href":"https:\/\/api.w.org\/{rel}","templated":true}]}}