{"id":36,"date":"2015-12-12T20:18:51","date_gmt":"2015-12-12T19:18:51","guid":{"rendered":"https:\/\/pequenospoemas.wordpress.com\/?page_id=36"},"modified":"2017-03-09T12:17:02","modified_gmt":"2017-03-09T12:17:02","slug":"1998-2003","status":"publish","type":"page","link":"https:\/\/caxigueiro.com\/?page_id=36","title":{"rendered":"1998-2003"},"content":{"rendered":"<div class=\"obra obra_1_1\">\n<a href=\"http:\/\/caxigueiro.com\/?page_id=252\"><img loading=\"lazy\" decoding=\"async\" src=\"\/wp-content\/uploads\/2016\/02\/2-2.jpg\" alt=\"Co Tempo\" width=\"100\" height=\"73\" \/><\/a><br \/>\n<a href=\"http:\/\/caxigueiro.com\/?page_id=252\" class=\"tit-gal\">Co Tempo<\/a><\/div>\n<div class=\"obra obra_1_2\">\n<a href=\"http:\/\/caxigueiro.com\/?page_id=262\"><img loading=\"lazy\" decoding=\"async\" src=\"\/wp-content\/uploads\/2016\/02\/1-4.jpg\" alt=\"Xeograf\u00edas\" width=\"100\" height=\"72\" \/><\/a><br \/>\n<a href=\"http:\/\/caxigueiro.com\/?page_id=262\" class=\"tit-gal\">Xeograf\u00edas<\/a><\/div>\n<div class=\"obra obra_1_3\">\n<a href=\"http:\/\/caxigueiro.com\/?page_id=275\"><img loading=\"lazy\" decoding=\"async\" src=\"\/wp-content\/uploads\/2016\/02\/5-4.jpg\" alt=\"A Linguaxe da Memoria\" width=\"69\" height=\"90\" \/><\/a><br \/>\n<a href=\"http:\/\/caxigueiro.com\/?page_id=275\" class=\"tit-gal\">A Linguaxe da Memoria<\/a><\/div>\n<div class=\"obra obra_2_1\">\n<a href=\"http:\/\/caxigueiro.com\/?page_id=289\"><img loading=\"lazy\" decoding=\"async\" src=\"\/wp-content\/uploads\/2016\/02\/3-5.jpg\" alt=\"Tralo Silencio\" width=\"100\" height=\"65\" \/><\/a><br \/>\n<a href=\"http:\/\/caxigueiro.com\/?page_id=289\" class=\"tit-gal\">Tralo Silencio<\/a><\/div>\n<div class=\"obra obra_2_2\">\n<a href=\"http:\/\/caxigueiro.com\/?page_id=294\"><img loading=\"lazy\" decoding=\"async\" src=\"\/wp-content\/uploads\/2016\/02\/1-7.jpg\" alt=\"Camuflaxe\" width=\"95\" height=\"95\" \/><\/a><br \/>\n<a href=\"http:\/\/caxigueiro.com\/?page_id=294\" class=\"tit-gal\">Camuflaxe<\/a><\/div>\n<div class=\"obra obra_2_3\">\n<a href=\"http:\/\/caxigueiro.com\/?page_id=304\"><img loading=\"lazy\" decoding=\"async\" src=\"\/wp-content\/uploads\/2016\/02\/4-8.jpg\" alt=\"Sen T\u00edtulo\" width=\"100\" height=\"70\" \/><\/a><br \/>\n<a href=\"http:\/\/caxigueiro.com\/?page_id=304\" class=\"tit-gal\">Sen T\u00edtulo<\/a><\/div>\n<div class=\"obra obra_3_1\">\n<a href=\"http:\/\/caxigueiro.com\/?page_id=314\"><img loading=\"lazy\" decoding=\"async\" src=\"\/wp-content\/uploads\/2016\/02\/3-8.jpg\" alt=\"Xornadas Gastron\u00f3micas\" width=\"100\" height=\"67\" \/><\/a><br \/>\n<a href=\"http:\/\/caxigueiro.com\/?page_id=314\" class=\"tit-gal\">Xornadas Gastron\u00f3micas<\/a><\/div>\n","protected":false},"excerpt":{"rendered":"<p>Co Tempo Xeograf\u00edas A Linguaxe da Memoria Tralo Silencio Camuflaxe Sen T\u00edtulo Xornadas Gastron\u00f3micas<\/p>\n","protected":false},"author":1,"featured_media":0,"parent":21,"menu_order":0,"comment_status":"closed","ping_status":"closed","template":"","meta":{"jetpack_post_was_ever_published":false,"footnotes":""},"class_list":["post-36","page","type-page","status-publish","hentry"],"jetpack_sharing_enabled":true,"jetpack_shortlink":"https:\/\/wp.me\/P73ilM-A","_links":{"self":[{"href":"https:\/\/caxigueiro.com\/index.php?rest_route=\/wp\/v2\/pages\/36","targetHints":{"allow":["GET"]}}],"collection":[{"href":"https:\/\/caxigueiro.com\/index.php?rest_route=\/wp\/v2\/pages"}],"about":[{"href":"https:\/\/caxigueiro.com\/index.php?rest_route=\/wp\/v2\/types\/page"}],"author":[{"embeddable":true,"href":"https:\/\/caxigueiro.com\/index.php?rest_route=\/wp\/v2\/users\/1"}],"replies":[{"embeddable":true,"href":"https:\/\/caxigueiro.com\/index.php?rest_route=%2Fwp%2Fv2%2Fcomments&post=36"}],"version-history":[{"count":10,"href":"https:\/\/caxigueiro.com\/index.php?rest_route=\/wp\/v2\/pages\/36\/revisions"}],"predecessor-version":[{"id":713,"href":"https:\/\/caxigueiro.com\/index.php?rest_route=\/wp\/v2\/pages\/36\/revisions\/713"}],"up":[{"embeddable":true,"href":"https:\/\/caxigueiro.com\/index.php?rest_route=\/wp\/v2\/pages\/21"}],"wp:attachment":[{"href":"https:\/\/caxigueiro.com\/index.php?rest_route=%2Fwp%2Fv2%2Fmedia&parent=36"}],"curies":[{"name":"wp","href":"https:\/\/api.w.org\/{rel}","templated":true}]}}