{"id":543,"date":"2016-03-27T13:14:28","date_gmt":"2016-03-27T13:14:28","guid":{"rendered":"http:\/\/caxigueiro.luagris.net\/?page_id=543"},"modified":"2017-08-27T22:03:37","modified_gmt":"2017-08-27T22:03:37","slug":"2013-2016","status":"publish","type":"page","link":"https:\/\/caxigueiro.com\/?page_id=543","title":{"rendered":"2013-2014"},"content":{"rendered":"<div class=\"obra obra_1_1\"><a href=\"http:\/\/caxigueiro.com\/?page_id=797\"><img loading=\"lazy\" decoding=\"async\" src=\"\/wp-content\/uploads\/2017\/05\/2012_12260129.jpg\" alt=\"Man\" width=\"100\" height=\"67\" \/><\/a><br \/>\n<a class=\"tit-gal\" href=\"http:\/\/caxigueiro.com\/?page_id=797\">Man<\/a><\/div>\n<div class=\"obra obra_1_2\"><a href=\"http:\/\/caxigueiro.com\/?page_id=802\"><img loading=\"lazy\" decoding=\"async\" src=\"\/wp-content\/uploads\/2017\/05\/2012_12310065.jpg\" alt=\"Monse\u00f1or\" width=\"100\" height=\"67\" \/><\/a><br \/>\n<a class=\"tit-gal\" href=\"http:\/\/caxigueiro.com\/?page_id=802\">Monse\u00f1or<\/a><\/div>\n<div class=\"obra obra_1_3\"><a href=\"http:\/\/caxigueiro.com\/?page_id=809\"><img loading=\"lazy\" decoding=\"async\" src=\"\/wp-content\/uploads\/2017\/05\/2012_12290009.jpg\" alt=\"Gaiola Mundi\" width=\"100\" height=\"67\" \/><\/a><br \/>\n<a class=\"tit-gal\" href=\"http:\/\/caxigueiro.com\/?page_id=809\">Gaiola Mundi<\/a><\/div>\n<div class=\"obra obra_2_1\"><a href=\"http:\/\/caxigueiro.com\/?page_id=818\"><img loading=\"lazy\" decoding=\"async\" src=\"\/wp-content\/uploads\/2017\/05\/2013_03060183.jpg\" alt=\"Marcha\" width=\"100\" height=\"67\" \/><\/a><br \/>\n<a class=\"tit-gal\" href=\"http:\/\/caxigueiro.com\/?page_id=818\">Marcha<\/a><\/div>\n<div class=\"obra obra_2_2\"><a href=\"http:\/\/caxigueiro.com\/?page_id=828\"><img loading=\"lazy\" decoding=\"async\" src=\"\/wp-content\/uploads\/2017\/05\/P1200446.jpg\" alt=\"Bailarinas\" width=\"100\" height=\"67\" \/><\/a><br \/>\n<a class=\"tit-gal\" href=\"http:\/\/caxigueiro.com\/?page_id=828\">Bailarinas<\/a><\/div>\n<div class=\"obra obra_2_3\"><a href=\"http:\/\/caxigueiro.com\/?page_id=847\"><img loading=\"lazy\" decoding=\"async\" src=\"\/wp-content\/uploads\/2017\/07\/80x60_2013_03150032_edit_700.jpg\" alt=\"Batedora de palabras\" width=\"100\" height=\"67\" \/><\/a><br \/>\n<a class=\"tit-gal\" href=\"http:\/\/caxigueiro.com\/?page_id=847\">Batedora de palabras<\/a><\/div>\n<div class=\"obra obra_3_1\"><a href=\"http:\/\/caxigueiro.com\/?page_id=855\"><img loading=\"lazy\" decoding=\"async\" src=\"\/wp-content\/uploads\/2017\/07\/2013_03020053.jpg\" alt=\"Cidade\" width=\"100\" height=\"67\" \/><\/a><br \/>\n<a class=\"tit-gal\" href=\"http:\/\/caxigueiro.com\/?page_id=855\">Cidade<\/a><\/div>\n<div class=\"obra obra_3_2\"><a href=\"http:\/\/caxigueiro.com\/?page_id=860\"><img loading=\"lazy\" decoding=\"async\" src=\"\/wp-content\/uploads\/2017\/07\/2013_03020020.jpg\" alt=\"Mutaci\u00f3ns\" width=\"100\" height=\"67\" \/><\/a><br \/>\n<a class=\"tit-gal\" href=\"http:\/\/caxigueiro.com\/?page_id=860\">Mutaci\u00f3ns<\/a><\/div>\n<div class=\"obra obra_3_3\"><a href=\"http:\/\/caxigueiro.com\/?page_id=866\"><img loading=\"lazy\" decoding=\"async\" src=\"\/wp-content\/uploads\/2017\/07\/2013_03020015.jpg\" alt=\"Estaci\u00f3n\" width=\"100\" height=\"67\" \/><\/a><br \/>\n<a class=\"tit-gal\" href=\"http:\/\/caxigueiro.com\/?page_id=866\">Estaci\u00f3n<\/a><\/div>\n<div class=\"obra obra_4_1\"><a href=\"http:\/\/caxigueiro.com\/?page_id=882\"><img loading=\"lazy\" decoding=\"async\" src=\"\/wp-content\/uploads\/2017\/08\/P1120391-150x150.jpg\" alt=\"Antia\u00e9reo\" width=\"100\" height=\"67\" \/><\/a><br \/>\n<a class=\"tit-gal\" href=\"http:\/\/caxigueiro.com\/?page_id=882\">Antia\u00e9reo<\/a><\/div>\n<div class=\"obra obra_4_2\"><a href=\"http:\/\/caxigueiro.com\/?page_id=889\"><img loading=\"lazy\" decoding=\"async\" src=\"\/wp-content\/uploads\/2017\/08\/P1190130-150x150.jpg\" alt=\"\u00c1s\" width=\"100\" height=\"67\" \/><\/a><br \/>\n<a class=\"tit-gal\" href=\"http:\/\/caxigueiro.com\/?page_id=889\">\u00c1s<\/a><\/div>\n<div class=\"obra obra_4_3\"><a href=\"http:\/\/caxigueiro.com\/?page_id=898\"><img loading=\"lazy\" decoding=\"async\" src=\"\/wp-content\/uploads\/2017\/08\/P1110019-150x150.jpg\" alt=\"Navegar\" width=\"100\" height=\"67\" \/><\/a><br \/>\n<a class=\"tit-gal\" href=\"http:\/\/caxigueiro.com\/?page_id=898\">Navegar<\/a><\/div>\n","protected":false},"excerpt":{"rendered":"<p>Man Monse\u00f1or Gaiola Mundi Marcha Bailarinas Batedora de palabras Cidade Mutaci\u00f3ns Estaci\u00f3n Antia\u00e9reo \u00c1s Navegar<\/p>\n","protected":false},"author":1,"featured_media":0,"parent":0,"menu_order":0,"comment_status":"closed","ping_status":"closed","template":"","meta":{"jetpack_post_was_ever_published":false,"footnotes":""},"class_list":["post-543","page","type-page","status-publish","hentry"],"jetpack_sharing_enabled":true,"jetpack_shortlink":"https:\/\/wp.me\/P73ilM-8L","_links":{"self":[{"href":"https:\/\/caxigueiro.com\/index.php?rest_route=\/wp\/v2\/pages\/543","targetHints":{"allow":["GET"]}}],"collection":[{"href":"https:\/\/caxigueiro.com\/index.php?rest_route=\/wp\/v2\/pages"}],"about":[{"href":"https:\/\/caxigueiro.com\/index.php?rest_route=\/wp\/v2\/types\/page"}],"author":[{"embeddable":true,"href":"https:\/\/caxigueiro.com\/index.php?rest_route=\/wp\/v2\/users\/1"}],"replies":[{"embeddable":true,"href":"https:\/\/caxigueiro.com\/index.php?rest_route=%2Fwp%2Fv2%2Fcomments&post=543"}],"version-history":[{"count":17,"href":"https:\/\/caxigueiro.com\/index.php?rest_route=\/wp\/v2\/pages\/543\/revisions"}],"predecessor-version":[{"id":940,"href":"https:\/\/caxigueiro.com\/index.php?rest_route=\/wp\/v2\/pages\/543\/revisions\/940"}],"wp:attachment":[{"href":"https:\/\/caxigueiro.com\/index.php?rest_route=%2Fwp%2Fv2%2Fmedia&parent=543"}],"curies":[{"name":"wp","href":"https:\/\/api.w.org\/{rel}","templated":true}]}}