{"id":985,"date":"2018-12-13T13:24:13","date_gmt":"2018-12-13T13:24:13","guid":{"rendered":"http:\/\/caxigueiro.com\/?page_id=985"},"modified":"2018-12-13T13:24:15","modified_gmt":"2018-12-13T13:24:15","slug":"politica-de-cookies","status":"publish","type":"page","link":"https:\/\/caxigueiro.com\/?page_id=985","title":{"rendered":"Pol\u00edtica de cookies"},"content":{"rendered":"\n<p>Unha <em>cookie<\/em> \u00e9 un pequeno arquivo de texto que se almacena no seu navegador cando visita case calquera p\u00e1xina web para que a web lembre a s\u00faa visita cando volva navegar por esa p\u00e1xina. Adicionalmente, as <em>cookies<\/em> adoitan almacenar informaci\u00f3n de car\u00e1cter t\u00e9cnico co obxectivo de adaptar o contido da web ao seu perfil e necesidades. Grazas \u00e1s <em>cookies,<\/em> os servizos ofrecidos por calquera p\u00e1xina enriqu\u00e9cense notablemente. Se desexa consultar m\u00e1is informaci\u00f3n sobre as <em>cookies<\/em>, que son, que informaci\u00f3n almacenan, como eliminalas, desactivalas, etc., <a href=\"https:\/\/caxigueiro.com\/?page_id=986\">preg\u00e1moslle que vaia a esta ligaz\u00f3n.<\/a><\/p>\n\n\n\n<h2 class=\"wp-block-heading\">Cookies utilizadas neste sitio web<\/h2>\n\n\n\n<p>Seguindo as directrices da Axencia Espa\u00f1ola de Protecci\u00f3n de Datos, procedemos a detallar o uso de <em>cookies<\/em> que fai esta web coa finalidade de informar a vostede coa m\u00e1xima exactitude pos\u00edbel.<\/p>\n\n\n\n<p>Este sitio web utiliza as seguintes <strong>cookies propias<\/strong>:<\/p>\n\n\n\n<ul class=\"wp-block-list\"><li>cookies de sesi\u00f3n, para garantir que os usuarios que escriban comentarios no blog sexan humanos e non aplicaci\u00f3ns automatizadas. Deste xeito comb\u00e1tese o<em> spam<\/em>.<\/li><\/ul>\n\n\n\n<p>Este sitio web utiliza as seguintes <strong>cookies de terceiros<\/strong>:<\/p>\n\n\n\n<ul class=\"wp-block-list\"><li>Google Analytics: almacena <em>cookies<\/em> para poder elaborar estad\u00edsticas sobre o trafego e volume de visitas desta web. Ao utilizar este sitio web est\u00e1 consentindo o tratamento de informaci\u00f3n acerca de vostede por Google. Por tanto, o exercicio de calquera dereito neste sentido deber\u00e1 exercelo comunicando directamente con Google.<\/li><li>redes sociais: cada rede social utiliza as s\u00faas propias <em>cookies<\/em> para que vostede poida premer en bot\u00f3ns do tipo <em>g\u00fastame<\/em> ou c<em>ompartir<\/em>.<\/li><\/ul>\n\n\n\n<h2 class=\"wp-block-heading\">Desactivaci\u00f3n ou eliminaci\u00f3n de cookies<\/h2>\n\n\n\n<p>En calquera momento poder\u00e1 exercer o seu dereito de desactivaci\u00f3n ou eliminaci\u00f3n de cookies deste sitio web. Estas acci\u00f3nes real\u00edzanse de xeito diferente en funci\u00f3n do navegador que estea usando. <a href=\"https:\/\/caxigueiro.com\/?page_id=986#navegadores\">Deix\u00e1moslle aqu\u00ed unha gu\u00eda r\u00e1pida para os navegadores m\u00e1is populares<\/a>.<\/p>\n\n\n\n<h2 class=\"wp-block-heading\">Notas adicionales<\/h2>\n\n\n\n<ul class=\"wp-block-list\"><li>Nin esta web nin os seus representantes legais se fan respons\u00e1beis nin do contido nin da veracidade das pol\u00edticas de privacidade que poidan ter os terceiros mencionados nesta pol\u00edtica de <em>cookies<\/em>.<\/li><li>Os navegadores web son as ferramentas encargadas de almacenar as <em>cookies<\/em> polo que \u00e9 desde este lugar que deber\u00e1 facer efectivo o seu dereito \u00e1 eliminaci\u00f3n ou desactivaci\u00f3n das mesmas. Nin esta web nin os seus representantes legais poden garantir a correcta ou incorrecta manipulaci\u00f3n das <em>cookies<\/em> por parte dos mencionados navegadores.<\/li><li>Nalg\u00fans casos \u00e9 necesario instalar <em>cookies<\/em> para que o navegador non esqueza a s\u00faa decisi\u00f3n de non aceptaci\u00f3n das mesmas.<\/li><li>No caso das <em>cookies<\/em> de Google Analytics, esta empresa almacena as <em>cookies<\/em> en servidores ubicados nos estados unidos e comprom\u00e9tese a non compartila con terceiros, ag\u00e1s nos casos nos que sexa necesario para o funcionamento do sistema ou cando a lei os obrigue a facelo. Segundo Google, non garda o seu enderezo IP. Google inc. \u00e9 unha compa\u00f1\u00eda adherida ao acordo de porto seguro que garante que todos os datos transferidos ser\u00e1n tratados cun nivel de protecci\u00f3n acorde \u00e1 normativa europea. Pode consultar informaci\u00f3n detallada a este respecto <a rel=\"noreferrer noopener\" href=\"http:\/\/safeharbor.export.gov\/companyinfo.aspx?id=16626\" target=\"_blank\">nesta ligaz\u00f3n<\/a>. Se desexa informaci\u00f3n sobre o uso que Google d\u00e1 \u00e1s cookies <a rel=\"noreferrer noopener\" href=\"https:\/\/developers.google.com\/analytics\/devguides\/collection\/analyticsjs\/cookie-usage?hl=es&amp;csw=1\" target=\"_blank\">cons\u00faltea nestoutra ligaz\u00f3n<\/a>.<\/li><li>Para calquera d\u00fabida ou consulta acerca desta pol\u00edtica de <em>cookies<\/em> non dubide en comunicarse connosco utilizando o noso enderezo de contacto.<\/li><\/ul>\n\n\n\n<p>Esta informaci\u00f3n facil\u00edtase por medio do engadido &#8220;Asesor de cookies&#8221; que \u00e9 un <a rel=\"noreferrer noopener\" href=\"http:\/\/wordpress.org\/plugins\/asesor-cookies-para-la-ley-en-espana\/\" target=\"_blank\">plugin para WordPress<\/a> creado por Carlos Doral (<a rel=\"noreferrer noopener\" href=\"http:\/\/webartesanal.com\" target=\"_blank\">webartesanal.com<\/a>)<\/p>\n","protected":false},"excerpt":{"rendered":"<p>Unha cookie \u00e9 un pequeno arquivo de texto que se almacena no seu navegador cando visita case calquera p\u00e1xina web para que a web lembre a s\u00faa visita cando volva navegar por esa p\u00e1xina. Adicionalmente, as cookies adoitan almacenar informaci\u00f3n de car\u00e1cter t\u00e9cnico co obxectivo de adaptar o contido da web ao seu perfil e [&hellip;]<\/p>\n","protected":false},"author":1,"featured_media":0,"parent":0,"menu_order":0,"comment_status":"closed","ping_status":"closed","template":"","meta":{"jetpack_post_was_ever_published":false,"footnotes":""},"class_list":["post-985","page","type-page","status-publish","hentry"],"jetpack_sharing_enabled":true,"jetpack_shortlink":"https:\/\/wp.me\/P73ilM-fT","_links":{"self":[{"href":"https:\/\/caxigueiro.com\/index.php?rest_route=\/wp\/v2\/pages\/985","targetHints":{"allow":["GET"]}}],"collection":[{"href":"https:\/\/caxigueiro.com\/index.php?rest_route=\/wp\/v2\/pages"}],"about":[{"href":"https:\/\/caxigueiro.com\/index.php?rest_route=\/wp\/v2\/types\/page"}],"author":[{"embeddable":true,"href":"https:\/\/caxigueiro.com\/index.php?rest_route=\/wp\/v2\/users\/1"}],"replies":[{"embeddable":true,"href":"https:\/\/caxigueiro.com\/index.php?rest_route=%2Fwp%2Fv2%2Fcomments&post=985"}],"version-history":[{"count":1,"href":"https:\/\/caxigueiro.com\/index.php?rest_route=\/wp\/v2\/pages\/985\/revisions"}],"predecessor-version":[{"id":988,"href":"https:\/\/caxigueiro.com\/index.php?rest_route=\/wp\/v2\/pages\/985\/revisions\/988"}],"wp:attachment":[{"href":"https:\/\/caxigueiro.com\/index.php?rest_route=%2Fwp%2Fv2%2Fmedia&parent=985"}],"curies":[{"name":"wp","href":"https:\/\/api.w.org\/{rel}","templated":true}]}}