{"id":986,"date":"2018-12-13T13:22:53","date_gmt":"2018-12-13T13:22:53","guid":{"rendered":"http:\/\/caxigueiro.com\/?page_id=986"},"modified":"2018-12-13T13:22:55","modified_gmt":"2018-12-13T13:22:55","slug":"mais-informacion-sobre-cookies","status":"publish","type":"page","link":"https:\/\/caxigueiro.com\/?page_id=986","title":{"rendered":"M\u00e1is informaci\u00f3n sobre cookies"},"content":{"rendered":"\n<h2 class=\"wp-block-heading\">Que \u00e9 unha cookie?<\/h2>\n\n\n\n<p>Unha <em>cookie<\/em> \u00e9 un arquivo de texto <strong>inofensivo<\/strong> que se almacena no seu navegador cando visita case calquera p\u00e1xina web. A utilidade da <em>cookie<\/em> \u00e9 que a web sexa quen de lembrar a s\u00faa cando volva navegar por esa p\u00e1xina. A\u00ednda que moita xente non o sabe, as <em>cookies<\/em> levan utiliz\u00e1ndose m\u00e1is de vinte anos, cando aparecieron os primeiros navegadores de internet.<\/p>\n\n\n\n<h2 class=\"wp-block-heading\">Qu\u00e9 NON \u00c9 unha cookie?<\/h2>\n\n\n\n<p>Non \u00e9 un virus, nin un troiano, nin un gusano, nin spam, nin spyware, nin abre fiestras emerxentes.<\/p>\n\n\n\n<h2 class=\"wp-block-heading\">Qu\u00e9 informaci\u00f3n almacena unha <em>cookie<\/em>?<\/h2>\n\n\n\n<p>As <em>cookies<\/em> non adoitan almacenar informaci\u00f3n sensible sobre vostede, como n\u00fameros de tarxetas de cr\u00e9dito ou datos bancarios, fotograf\u00edas, o seu DNI ou informaci\u00f3n persoal, etc. Os datos que gardan son de car\u00e1cter t\u00e9cnico, preferencias persoais de navegaci\u00f3n, personalizaci\u00f3n de contidos, etc.<\/p>\n\n\n\n<p>O servidor web non asocia esta informaci\u00f3n con vostede como persoa sen\u00f3n co seu navegador web. De feito, se vostede navega habitualmente con Internet Explorer e proba a navegar pola mesma web con outro navegador ver\u00e1 que a web non se decata de que \u00e9 vostede a mesma persoa porque, en realidade, est\u00e1 asociando ao navegador, non \u00e1 persoa.<\/p>\n\n\n\n<h2 class=\"wp-block-heading\">Qu\u00e9 tipo de <em>cookies<\/em> existen?<\/h2>\n\n\n\n<ul class=\"wp-block-list\"><li><em>cookies<\/em> t\u00e9cnicas: son as m\u00e1is elementais e permiten, entre \noutras cousas, saber cando est\u00e1 navegando un humano ou unha aplicaci\u00f3n \nautomatizada, cando navega un usuario an\u00f3nimo e un rexistrado, tarefas \nb\u00e1sicas para o funcionamento de calquera web din\u00e1mica.<\/li><li><em>cookies<\/em> de an\u00e1lisis: recollen informaci\u00f3n sobre o tipo de \nnavegaci\u00f3n que est\u00e1 realizando, as secci\u00f3ns que m\u00e1is utiliza, produtos \nconsultados, banda horaria de uso, idioma, etc.<\/li><li><em>cookies<\/em> publicitarias: amosan publicidade en funci\u00f3n da s\u00faa navegaci\u00f3n, o seu pa\u00eds de procedencia, idioma, etc.<\/li><\/ul>\n\n\n\n<h2 class=\"wp-block-heading\">Qu\u00e9 son as <em>cookies<\/em> propias e as de terceiros?<\/h2>\n\n\n\n<p>As <em>cookies propias<\/em> son as xeradas pola p\u00e1xina que est\u00e1 visitando e as <em>de terceiros<\/em> son as xeradas por servizos ou proveedores externos como Facebook, Twitter, Google, etc.<\/p>\n\n\n\n<h2 class=\"wp-block-heading\">Qu\u00e9 acontece se desactivo as <em>cookies<\/em>?<\/h2>\n\n\n\n<p>Para que entenda o alcance que pode ter desactivar as <em>cookies<\/em> amos\u00e1moslle uns exemplos:<\/p>\n\n\n\n<ul class=\"wp-block-list\"><li>No poder\u00e1 compartir contidos desa web en facebook, twitter ou calquera outra rede social.<\/li><li>O sitio web non poder\u00e1 adaptar os contidos \u00e1s s\u00faas preferencias persoais, como adoita ocorrer nas tendas online.<\/li><li>Non poder\u00e1 acceder \u00e1 \u00e1rea persoal desa web, como por exemplo <em>a mi\u00f1a conta<\/em>, ou <em>o meu perfil<\/em> ou <em>os meus pedidos<\/em>.<\/li><li>Tendas online: ser\u00e1lle impos\u00edbel realizar compras online, ter\u00e1n que ser telef\u00f3nicas ou visitando a tenda f\u00edsica, se \u00e9 que disp\u00f3n dela.<\/li><li>Non ser\u00e1 pos\u00edbel personalizar as s\u00faas preferencias xeogr\u00e1ficas como banda horaria, divisa ou idioma.<\/li><li>O sitio web non poder\u00e1 realizar anal\u00edticas web sobre visitantes e tr\u00e1fico na web, o que dificultar\u00e1 que a web sexa competitiva.<\/li><li>Non poder\u00e1 escribir comentarios no blog, non poder\u00e1 subir fotos, publicar comentarios, valorar ou puntuar contidos. A web tampouco non poder\u00e1 saber se vostede \u00e9 un humano ou unha aplicaci\u00f3n automatizada que publica <em>spam<\/em>.<\/li><li>Non se poder\u00e1 mostrar publicidade sectorizada, o que reducir\u00e1 os ingresos publicitarios da web.<\/li><li>Todas as redes sociais usan <em>cookies<\/em>, se as desactiva non poder\u00e1 utilizar ningunha rede social.<\/li><\/ul>\n\n\n\n<h2 class=\"wp-block-heading\">Poden eliminarse as <em>cookies<\/em>?<\/h2>\n\n\n\n<p>Si. Non s\u00f3 eliminar, tam\u00e9n bloquear, de forma xeral ou particular para un dominio espec\u00edfico.<\/p>\n\n\n\n<p>Para eliminar as <em>cookies<\/em> dun sitio web debe ir \u00e1 configuraci\u00f3n do seu navegador e al\u00ed poder\u00e1 procurar as asociadas ao dominio en cuesti\u00f3n e proceder \u00e1 s\u00faa eliminaci\u00f3n.<\/p>\n\n\n\n<h2 class=\"wp-block-heading\" id=\"navegadores\">Configuraci\u00f3n de <em>cookies<\/em> para os navegadores m\u00e1is populares<\/h2>\n\n\n\n<p>A continuaci\u00f3n indicamos como acceder a unha <em>cookie<\/em> determinada do navegador <strong>Chrome<\/strong>. Nota: estes pasos poden variar en funci\u00f3n da versi\u00f3n do navegador:<\/p>\n\n\n\n<ol class=\"wp-block-list\"><li>vaia a \u201cconfiguraci\u00f3n\u201d ou \u201cpreferencias\u201d mediante o men\u00fa \u201carquivo\u201d \nou ben premendo na icona de personalizaci\u00f3n que aparece arriba \u00e1 \ndereita.<\/li><li>ver\u00e1 diferentes secci\u00f3ns, prema na opci\u00f3n \u201c<em>amosar opci\u00f3ns avanzadas\u201d<\/em>.<\/li><li>vaia a \u201c<em>privacidade, configuraci\u00f3n de contido\u201d<\/em>.<\/li><li>seleccione <em>\u201ctodas as cookies e os datos de sitios\u201d<\/em>.<\/li><li>aparecer\u00e1 unha listaxe con todas as <em>cookies<\/em> ordenadas por dominio. para que lle sexa m\u00e1is doado atopar as <em>cookies<\/em> dun determinado dominio, introduza parcial ou totalmente o enderezo no campo \u201c<em>buscar cookies\u201d<\/em>.<\/li><li>tras realizar este filtro, aparecer\u00e1n na pantalla unha ou varias li\u00f1as coas <em>cookies<\/em> da web solicitada. agora s\u00f3 ten que seleccionala e premer na <em>X<\/em> para proceder \u00e1 s\u00faa eliminaci\u00f3n.<\/li><\/ol>\n\n\n\n<p>Para acceder \u00e1 configuraci\u00f3n de <em>cookies<\/em> do navegador <strong>Internet Explorer<\/strong> siga estes pasos (poden variar en funci\u00f3n da versi\u00f3n do navegador):<\/p>\n\n\n\n<ol class=\"wp-block-list\"><li>vaia a \u201c<em>ferramentas<\/em>, <em>opci\u00f3ns de internet\u201d<\/em><\/li><li>Prema en <em>\u201cprivacidade\u201d<\/em>.<\/li><li>mova a barra at\u00e9 axustar o nivel de privacidade que desexe.<\/li><\/ol>\n\n\n\n<p>Para acceder \u00e1 configuraci\u00f3n de <em>cookies<\/em> do navegador <strong>Firefox<\/strong> siga estes pasos (poden variar en funci\u00f3n da versi\u00f3n do navegador):<\/p>\n\n\n\n<ol class=\"wp-block-list\"><li>vaia a \u201c<em>opci\u00f3ns\u201d<\/em> ou <em>\u201cpreferencias\u201d<\/em> segundo o seu sistema operativo.<\/li><li>prema en <em>\u201cprivacidade\u201d<\/em>.<\/li><li>en \u201c<em>historial\u201d<\/em> escolla<em> \u201cusar unha configuraci\u00f3n personalizada para o historial\u201d<\/em>.<\/li><li>agora ver\u00e1 a opci\u00f3n <em>\u201caceptar cookies\u201d<\/em>, pode activala ou desactivala segundo as s\u00faas preferencias.<\/li><\/ol>\n\n\n\n<p>Para acceder \u00e1 configuraci\u00f3n de <em>cookies<\/em> do navegador <strong>Safari para OSX<\/strong> siga estes pasos (poden variar en funci\u00f3n da versi\u00f3n do navegador):<\/p>\n\n\n\n<ol class=\"wp-block-list\"><li>vaia a <em>\u201cpreferencias\u201d<\/em> e, a continuaci\u00f3n, <em>\u201cprivacidade\u201d<\/em>.<\/li><li>neste lugar ver\u00e1 a opci\u00f3n <em>\u201cbloquear cookies\u201d<\/em> para que axuste o tipo de bloqueo que desexa realizar.<\/li><\/ol>\n\n\n\n<p>Para acceder \u00e1 configuraci\u00f3n de <em>cookies<\/em> do navegador <strong>Safari para iOS<\/strong> siga estes pasos (poden variar en funci\u00f3n da versi\u00f3n do navegador):<\/p>\n\n\n\n<ol class=\"wp-block-list\"><li>vaia a <em>\u201caxustes\u201d<\/em> e, a continuaci\u00f3n, <em>\u201csafari\u201d<\/em>.<\/li><li>vaia a <em>\u201cprivacidade e seguridade\u201d<\/em>, ver\u00e1 a opci\u00f3n <em>\u201cbloquear cookies\u201d<\/em> para que axuste o tipo de bloqueo que desexa realizar.<\/li><\/ol>\n\n\n\n<p>Para acceder \u00e1 configuraci\u00f3n de <em>cookies<\/em> do navegador para dispositivos <strong>Android<\/strong> siga estes pasos (poden variar en funci\u00f3n da versi\u00f3n do navegador):<\/p>\n\n\n\n<ol class=\"wp-block-list\"><li>execute o navegador, prema a tecla <em>\u201cmen\u00fa\u201d<\/em> e, a continuaci\u00f3n,<em> \u201cax<\/em><em>ustes\u201d<\/em>.<\/li><li>vaia a <em>\u201cseguridade e privacidade\u201d<\/em>, poder\u00e1 activar ou desactivar a opci\u00f3n <em>\u201caceptar cookies\u201d<\/em>.<\/li><\/ol>\n\n\n\n<p>Para acceder \u00e1 configuraci\u00f3n de <em>cookies<\/em> do navegador para dispositivos <strong>windows phone<\/strong> siga estes pasos (poden variar en funci\u00f3n da versi\u00f3n do navegador):<\/p>\n\n\n\n<ol class=\"wp-block-list\"><li>abra <em>internet explorer<\/em>, a continuaci\u00f3n <em>\u201cm\u00e1is\u201d<\/em> e <em>\u201cconfiguraci\u00f3n\u201d<\/em><\/li><li>agora pode activar ou desactivar a opci\u00f3n \u201c<em>permitir cookies\u201d<\/em>.<\/li><\/ol>\n\n\n\n<p>Esta informaci\u00f3n facil\u00edtase por medio do engadido &#8220;Asesor de cookies&#8221; que \u00e9 un <a rel=\"noreferrer noopener\" href=\"http:\/\/wordpress.org\/plugins\/asesor-cookies-para-la-ley-en-espana\/\" target=\"_blank\">plugin para WordPress<\/a> creado por Carlos Doral (<a rel=\"noreferrer noopener\" href=\"http:\/\/webartesanal.com\" target=\"_blank\">webartesanal.com<\/a>)<\/p>\n","protected":false},"excerpt":{"rendered":"<p>Que \u00e9 unha cookie? Unha cookie \u00e9 un arquivo de texto inofensivo que se almacena no seu navegador cando visita case calquera p\u00e1xina web. A utilidade da cookie \u00e9 que a web sexa quen de lembrar a s\u00faa cando volva navegar por esa p\u00e1xina. A\u00ednda que moita xente non o sabe, as cookies levan utiliz\u00e1ndose [&hellip;]<\/p>\n","protected":false},"author":1,"featured_media":0,"parent":0,"menu_order":0,"comment_status":"closed","ping_status":"closed","template":"","meta":{"jetpack_post_was_ever_published":false,"footnotes":""},"class_list":["post-986","page","type-page","status-publish","hentry"],"jetpack_sharing_enabled":true,"jetpack_shortlink":"https:\/\/wp.me\/P73ilM-fU","_links":{"self":[{"href":"https:\/\/caxigueiro.com\/index.php?rest_route=\/wp\/v2\/pages\/986","targetHints":{"allow":["GET"]}}],"collection":[{"href":"https:\/\/caxigueiro.com\/index.php?rest_route=\/wp\/v2\/pages"}],"about":[{"href":"https:\/\/caxigueiro.com\/index.php?rest_route=\/wp\/v2\/types\/page"}],"author":[{"embeddable":true,"href":"https:\/\/caxigueiro.com\/index.php?rest_route=\/wp\/v2\/users\/1"}],"replies":[{"embeddable":true,"href":"https:\/\/caxigueiro.com\/index.php?rest_route=%2Fwp%2Fv2%2Fcomments&post=986"}],"version-history":[{"count":1,"href":"https:\/\/caxigueiro.com\/index.php?rest_route=\/wp\/v2\/pages\/986\/revisions"}],"predecessor-version":[{"id":987,"href":"https:\/\/caxigueiro.com\/index.php?rest_route=\/wp\/v2\/pages\/986\/revisions\/987"}],"wp:attachment":[{"href":"https:\/\/caxigueiro.com\/index.php?rest_route=%2Fwp%2Fv2%2Fmedia&parent=986"}],"curies":[{"name":"wp","href":"https:\/\/api.w.org\/{rel}","templated":true}]}}